{"id":292,"date":"2022-09-21T17:21:11","date_gmt":"2022-09-21T15:21:11","guid":{"rendered":"https:\/\/dimensioncachee.preprod.me\/?post_type=product&#038;p=292"},"modified":"2023-02-13T18:13:14","modified_gmt":"2023-02-13T17:13:14","slug":"haut-noue-bi-matiere","status":"publish","type":"product","link":"https:\/\/dimensioncachee.preprod.me\/fr\/produit\/haut-noue-bi-matiere\/","title":{"rendered":"haut nou\u00e9 bi-mati\u00e8re"},"content":{"rendered":"","protected":false},"excerpt":{"rendered":"<p><span data-sheets-value=\"{&quot;1&quot;:2,&quot;2&quot;:&quot;Haut nou\u00e9 crop top, ajust\u00e9 et confortable.\\r\\nDouble dimension : confort seconde peau stretch, structure chemise.\\r\\nVelours de soie d\u00e9vor\u00e9e manches et empi\u00e8cement .\\r\\nSe noue autour de la taille et s\u2019ajuste au corps pour une parfaite adaptation \u00e0 toutes les morphologies et poitrine.\\r\\nExiste en 2 coloris. &quot;}\" data-sheets-userformat=\"{&quot;2&quot;:961,&quot;3&quot;:{&quot;1&quot;:0},&quot;9&quot;:0,&quot;10&quot;:0,&quot;11&quot;:4,&quot;12&quot;:0}\">Haut nou\u00e9 crop top, ajust\u00e9 et confortable.<br \/>\nDouble dimension : confort seconde peau stretch, structure chemise.<br \/>\nVelours de soie d\u00e9vor\u00e9e manches et empi\u00e8cement .<br \/>\nSe noue autour de la taille et s\u2019ajuste au corps pour une parfaite adaptation \u00e0 toutes les morphologies et poitrine.<br \/>\nExiste en 2 coloris. <\/span><\/p>\n","protected":false},"featured_media":300,"template":"","meta":[],"product_cat":[18,25],"product_tag":[],"class_list":["post-292","product","type-product","status-publish","has-post-thumbnail","hentry","product_cat-vetements-pour-femme","product_cat-hauts"],"acf":[],"yoast_head":"<!-- This site is optimized with the Yoast SEO plugin v20.0 - https:\/\/yoast.com\/wordpress\/plugins\/seo\/ -->\n<title>haut nou\u00e9 bi-mati\u00e8re - Dimension<\/title>\n<meta name=\"robots\" content=\"noindex, follow, max-snippet:-1, max-image-preview:large, max-video-preview:-1\" \/>\n<meta property=\"og:locale\" content=\"fr_FR\" \/>\n<meta property=\"og:type\" content=\"article\" \/>\n<meta property=\"og:title\" content=\"haut nou\u00e9 bi-mati\u00e8re - Dimension\" \/>\n<meta property=\"og:description\" content=\"Haut nou\u00e9 crop top, ajust\u00e9 et confortable. Double dimension : confort seconde peau stretch, structure chemise. Velours de soie d\u00e9vor\u00e9e manches et empi\u00e8cement . Se noue autour de la taille et s\u2019ajuste au corps pour une parfaite adaptation \u00e0 toutes les morphologies et poitrine. Existe en 2 coloris.\" \/>\n<meta property=\"og:url\" content=\"https:\/\/dimensioncachee.preprod.me\/fr\/produit\/haut-noue-bi-matiere\/\" \/>\n<meta property=\"og:site_name\" content=\"Dimension\" \/>\n<meta property=\"article:modified_time\" content=\"2023-02-13T17:13:14+00:00\" \/>\n<meta property=\"og:image\" content=\"https:\/\/dimensioncachee.preprod.me\/wp-content\/uploads\/2022\/09\/R_DSC6835-copie.jpg\" \/>\n\t<meta property=\"og:image:width\" content=\"1334\" \/>\n\t<meta property=\"og:image:height\" content=\"2000\" \/>\n\t<meta property=\"og:image:type\" content=\"image\/jpeg\" \/>\n<meta name=\"twitter:card\" content=\"summary_large_image\" \/>\n<script type=\"application\/ld+json\" class=\"yoast-schema-graph\">{\"@context\":\"https:\/\/schema.org\",\"@graph\":[{\"@type\":\"WebPage\",\"@id\":\"https:\/\/dimensioncachee.preprod.me\/produit\/haut-noue-bi-matiere\/\",\"url\":\"https:\/\/dimensioncachee.preprod.me\/produit\/haut-noue-bi-matiere\/\",\"name\":\"haut nou\u00e9 bi-mati\u00e8re - Dimension\",\"isPartOf\":{\"@id\":\"https:\/\/dimensioncachee.preprod.me\/#website\"},\"datePublished\":\"2022-09-21T15:21:11+00:00\",\"dateModified\":\"2023-02-13T17:13:14+00:00\",\"breadcrumb\":{\"@id\":\"https:\/\/dimensioncachee.preprod.me\/produit\/haut-noue-bi-matiere\/#breadcrumb\"},\"inLanguage\":\"fr-FR\",\"potentialAction\":[{\"@type\":\"ReadAction\",\"target\":[\"https:\/\/dimensioncachee.preprod.me\/produit\/haut-noue-bi-matiere\/\"]}]},{\"@type\":\"BreadcrumbList\",\"@id\":\"https:\/\/dimensioncachee.preprod.me\/produit\/haut-noue-bi-matiere\/#breadcrumb\",\"itemListElement\":[{\"@type\":\"ListItem\",\"position\":1,\"name\":\"Accueil\",\"item\":\"https:\/\/dimensioncachee.preprod.me\/\"},{\"@type\":\"ListItem\",\"position\":2,\"name\":\"Les produits\",\"item\":\"https:\/\/dimensioncachee.preprod.me\/les-produits\/\"},{\"@type\":\"ListItem\",\"position\":3,\"name\":\"haut nou\u00e9 bi-mati\u00e8re\"}]},{\"@type\":\"WebSite\",\"@id\":\"https:\/\/dimensioncachee.preprod.me\/#website\",\"url\":\"https:\/\/dimensioncachee.preprod.me\/\",\"name\":\"Dimension\",\"description\":\"Un site utilisant WordPress\",\"potentialAction\":[{\"@type\":\"SearchAction\",\"target\":{\"@type\":\"EntryPoint\",\"urlTemplate\":\"https:\/\/dimensioncachee.preprod.me\/?s={search_term_string}\"},\"query-input\":\"required name=search_term_string\"}],\"inLanguage\":\"fr-FR\"}]}<\/script>\n<!-- \/ Yoast SEO plugin. -->","yoast_head_json":{"title":"haut nou\u00e9 bi-mati\u00e8re - Dimension","robots":{"index":"noindex","follow":"follow","max-snippet":"max-snippet:-1","max-image-preview":"max-image-preview:large","max-video-preview":"max-video-preview:-1"},"og_locale":"fr_FR","og_type":"article","og_title":"haut nou\u00e9 bi-mati\u00e8re - Dimension","og_description":"Haut nou\u00e9 crop top, ajust\u00e9 et confortable. Double dimension : confort seconde peau stretch, structure chemise. Velours de soie d\u00e9vor\u00e9e manches et empi\u00e8cement . Se noue autour de la taille et s\u2019ajuste au corps pour une parfaite adaptation \u00e0 toutes les morphologies et poitrine. Existe en 2 coloris.","og_url":"https:\/\/dimensioncachee.preprod.me\/fr\/produit\/haut-noue-bi-matiere\/","og_site_name":"Dimension","article_modified_time":"2023-02-13T17:13:14+00:00","og_image":[{"width":1334,"height":2000,"url":"https:\/\/dimensioncachee.preprod.me\/wp-content\/uploads\/2022\/09\/R_DSC6835-copie.jpg","type":"image\/jpeg"}],"twitter_card":"summary_large_image","schema":{"@context":"https:\/\/schema.org","@graph":[{"@type":"WebPage","@id":"https:\/\/dimensioncachee.preprod.me\/produit\/haut-noue-bi-matiere\/","url":"https:\/\/dimensioncachee.preprod.me\/produit\/haut-noue-bi-matiere\/","name":"haut nou\u00e9 bi-mati\u00e8re - Dimension","isPartOf":{"@id":"https:\/\/dimensioncachee.preprod.me\/#website"},"datePublished":"2022-09-21T15:21:11+00:00","dateModified":"2023-02-13T17:13:14+00:00","breadcrumb":{"@id":"https:\/\/dimensioncachee.preprod.me\/produit\/haut-noue-bi-matiere\/#breadcrumb"},"inLanguage":"fr-FR","potentialAction":[{"@type":"ReadAction","target":["https:\/\/dimensioncachee.preprod.me\/produit\/haut-noue-bi-matiere\/"]}]},{"@type":"BreadcrumbList","@id":"https:\/\/dimensioncachee.preprod.me\/produit\/haut-noue-bi-matiere\/#breadcrumb","itemListElement":[{"@type":"ListItem","position":1,"name":"Accueil","item":"https:\/\/dimensioncachee.preprod.me\/"},{"@type":"ListItem","position":2,"name":"Les produits","item":"https:\/\/dimensioncachee.preprod.me\/les-produits\/"},{"@type":"ListItem","position":3,"name":"haut nou\u00e9 bi-mati\u00e8re"}]},{"@type":"WebSite","@id":"https:\/\/dimensioncachee.preprod.me\/#website","url":"https:\/\/dimensioncachee.preprod.me\/","name":"Dimension","description":"Un site utilisant WordPress","potentialAction":[{"@type":"SearchAction","target":{"@type":"EntryPoint","urlTemplate":"https:\/\/dimensioncachee.preprod.me\/?s={search_term_string}"},"query-input":"required name=search_term_string"}],"inLanguage":"fr-FR"}]}},"_links":{"self":[{"href":"https:\/\/dimensioncachee.preprod.me\/fr\/wp-json\/wp\/v2\/product\/292","targetHints":{"allow":["GET"]}}],"collection":[{"href":"https:\/\/dimensioncachee.preprod.me\/fr\/wp-json\/wp\/v2\/product"}],"about":[{"href":"https:\/\/dimensioncachee.preprod.me\/fr\/wp-json\/wp\/v2\/types\/product"}],"wp:featuredmedia":[{"embeddable":true,"href":"https:\/\/dimensioncachee.preprod.me\/fr\/wp-json\/wp\/v2\/media\/300"}],"wp:attachment":[{"href":"https:\/\/dimensioncachee.preprod.me\/fr\/wp-json\/wp\/v2\/media?parent=292"}],"wp:term":[{"taxonomy":"product_cat","embeddable":true,"href":"https:\/\/dimensioncachee.preprod.me\/fr\/wp-json\/wp\/v2\/product_cat?post=292"},{"taxonomy":"product_tag","embeddable":true,"href":"https:\/\/dimensioncachee.preprod.me\/fr\/wp-json\/wp\/v2\/product_tag?post=292"}],"curies":[{"name":"wp","href":"https:\/\/api.w.org\/{rel}","templated":true}]}}