{"id":213,"date":"2022-09-21T16:49:47","date_gmt":"2022-09-21T14:49:47","guid":{"rendered":"https:\/\/dimensioncachee.preprod.me\/?post_type=product&#038;p=213"},"modified":"2023-02-13T18:19:09","modified_gmt":"2023-02-13T17:19:09","slug":"accessoires-cheveux-pour-femme-headband","status":"publish","type":"product","link":"https:\/\/dimensioncachee.preprod.me\/fr\/produit\/accessoires-cheveux-pour-femme-headband\/","title":{"rendered":"headband"},"content":{"rendered":"","protected":false},"excerpt":{"rendered":"<p>Headband stretch et soie d\u00e9vor\u00e9e. Existe en 2 coloris<\/p>\n","protected":false},"featured_media":215,"template":"","meta":[],"product_cat":[20,31],"product_tag":[],"class_list":["post-213","product","type-product","status-publish","has-post-thumbnail","hentry","product_cat-accessoires-pour-homme-et-pour-femme","product_cat-headband"],"acf":[],"yoast_head":"<!-- This site is optimized with the Yoast SEO plugin v20.0 - https:\/\/yoast.com\/wordpress\/plugins\/seo\/ -->\n<title>headband - Dimension<\/title>\n<meta name=\"description\" content=\"D\u00e9couvrez et achetez d\u00e8s a pr\u00e9sent le HEADBAND en stretch et soie d\u00e9vor\u00e9e DIMENSION CACHEE. Diff\u00e9rentes couleurs disponibles en \u00e9dition limit\u00e9es.\" \/>\n<meta name=\"robots\" content=\"noindex, follow, max-snippet:-1, max-image-preview:large, max-video-preview:-1\" \/>\n<meta property=\"og:locale\" content=\"fr_FR\" \/>\n<meta property=\"og:type\" content=\"article\" \/>\n<meta property=\"og:title\" content=\"headband - Dimension\" \/>\n<meta property=\"og:description\" content=\"D\u00e9couvrez et achetez d\u00e8s a pr\u00e9sent le HEADBAND en stretch et soie d\u00e9vor\u00e9e DIMENSION CACHEE. Diff\u00e9rentes couleurs disponibles en \u00e9dition limit\u00e9es.\" \/>\n<meta property=\"og:url\" content=\"https:\/\/dimensioncachee.preprod.me\/fr\/produit\/accessoires-cheveux-pour-femme-headband\/\" \/>\n<meta property=\"og:site_name\" content=\"Dimension\" \/>\n<meta property=\"article:modified_time\" content=\"2023-02-13T17:19:09+00:00\" \/>\n<meta property=\"og:image\" content=\"https:\/\/dimensioncachee.preprod.me\/wp-content\/uploads\/2022\/09\/R_DSC9547.jpg\" \/>\n\t<meta property=\"og:image:width\" content=\"1334\" \/>\n\t<meta property=\"og:image:height\" content=\"2000\" \/>\n\t<meta property=\"og:image:type\" content=\"image\/jpeg\" \/>\n<meta name=\"twitter:card\" content=\"summary_large_image\" \/>\n<script type=\"application\/ld+json\" class=\"yoast-schema-graph\">{\"@context\":\"https:\/\/schema.org\",\"@graph\":[{\"@type\":\"WebPage\",\"@id\":\"https:\/\/dimensioncachee.preprod.me\/produit\/accessoires-cheveux-pour-femme-headband\/\",\"url\":\"https:\/\/dimensioncachee.preprod.me\/produit\/accessoires-cheveux-pour-femme-headband\/\",\"name\":\"headband - Dimension\",\"isPartOf\":{\"@id\":\"https:\/\/dimensioncachee.preprod.me\/#website\"},\"datePublished\":\"2022-09-21T14:49:47+00:00\",\"dateModified\":\"2023-02-13T17:19:09+00:00\",\"description\":\"D\u00e9couvrez et achetez d\u00e8s a pr\u00e9sent le HEADBAND en stretch et soie d\u00e9vor\u00e9e DIMENSION CACHEE. Diff\u00e9rentes couleurs disponibles en \u00e9dition limit\u00e9es.\",\"breadcrumb\":{\"@id\":\"https:\/\/dimensioncachee.preprod.me\/produit\/accessoires-cheveux-pour-femme-headband\/#breadcrumb\"},\"inLanguage\":\"fr-FR\",\"potentialAction\":[{\"@type\":\"ReadAction\",\"target\":[\"https:\/\/dimensioncachee.preprod.me\/produit\/accessoires-cheveux-pour-femme-headband\/\"]}]},{\"@type\":\"BreadcrumbList\",\"@id\":\"https:\/\/dimensioncachee.preprod.me\/produit\/accessoires-cheveux-pour-femme-headband\/#breadcrumb\",\"itemListElement\":[{\"@type\":\"ListItem\",\"position\":1,\"name\":\"Accueil\",\"item\":\"https:\/\/dimensioncachee.preprod.me\/\"},{\"@type\":\"ListItem\",\"position\":2,\"name\":\"Les produits\",\"item\":\"https:\/\/dimensioncachee.preprod.me\/les-produits\/\"},{\"@type\":\"ListItem\",\"position\":3,\"name\":\"headband\"}]},{\"@type\":\"WebSite\",\"@id\":\"https:\/\/dimensioncachee.preprod.me\/#website\",\"url\":\"https:\/\/dimensioncachee.preprod.me\/\",\"name\":\"Dimension\",\"description\":\"Un site utilisant WordPress\",\"potentialAction\":[{\"@type\":\"SearchAction\",\"target\":{\"@type\":\"EntryPoint\",\"urlTemplate\":\"https:\/\/dimensioncachee.preprod.me\/?s={search_term_string}\"},\"query-input\":\"required name=search_term_string\"}],\"inLanguage\":\"fr-FR\"}]}<\/script>\n<!-- \/ Yoast SEO plugin. -->","yoast_head_json":{"title":"headband - Dimension","description":"D\u00e9couvrez et achetez d\u00e8s a pr\u00e9sent le HEADBAND en stretch et soie d\u00e9vor\u00e9e DIMENSION CACHEE. Diff\u00e9rentes couleurs disponibles en \u00e9dition limit\u00e9es.","robots":{"index":"noindex","follow":"follow","max-snippet":"max-snippet:-1","max-image-preview":"max-image-preview:large","max-video-preview":"max-video-preview:-1"},"og_locale":"fr_FR","og_type":"article","og_title":"headband - Dimension","og_description":"D\u00e9couvrez et achetez d\u00e8s a pr\u00e9sent le HEADBAND en stretch et soie d\u00e9vor\u00e9e DIMENSION CACHEE. Diff\u00e9rentes couleurs disponibles en \u00e9dition limit\u00e9es.","og_url":"https:\/\/dimensioncachee.preprod.me\/fr\/produit\/accessoires-cheveux-pour-femme-headband\/","og_site_name":"Dimension","article_modified_time":"2023-02-13T17:19:09+00:00","og_image":[{"width":1334,"height":2000,"url":"https:\/\/dimensioncachee.preprod.me\/wp-content\/uploads\/2022\/09\/R_DSC9547.jpg","type":"image\/jpeg"}],"twitter_card":"summary_large_image","schema":{"@context":"https:\/\/schema.org","@graph":[{"@type":"WebPage","@id":"https:\/\/dimensioncachee.preprod.me\/produit\/accessoires-cheveux-pour-femme-headband\/","url":"https:\/\/dimensioncachee.preprod.me\/produit\/accessoires-cheveux-pour-femme-headband\/","name":"headband - Dimension","isPartOf":{"@id":"https:\/\/dimensioncachee.preprod.me\/#website"},"datePublished":"2022-09-21T14:49:47+00:00","dateModified":"2023-02-13T17:19:09+00:00","description":"D\u00e9couvrez et achetez d\u00e8s a pr\u00e9sent le HEADBAND en stretch et soie d\u00e9vor\u00e9e DIMENSION CACHEE. Diff\u00e9rentes couleurs disponibles en \u00e9dition limit\u00e9es.","breadcrumb":{"@id":"https:\/\/dimensioncachee.preprod.me\/produit\/accessoires-cheveux-pour-femme-headband\/#breadcrumb"},"inLanguage":"fr-FR","potentialAction":[{"@type":"ReadAction","target":["https:\/\/dimensioncachee.preprod.me\/produit\/accessoires-cheveux-pour-femme-headband\/"]}]},{"@type":"BreadcrumbList","@id":"https:\/\/dimensioncachee.preprod.me\/produit\/accessoires-cheveux-pour-femme-headband\/#breadcrumb","itemListElement":[{"@type":"ListItem","position":1,"name":"Accueil","item":"https:\/\/dimensioncachee.preprod.me\/"},{"@type":"ListItem","position":2,"name":"Les produits","item":"https:\/\/dimensioncachee.preprod.me\/les-produits\/"},{"@type":"ListItem","position":3,"name":"headband"}]},{"@type":"WebSite","@id":"https:\/\/dimensioncachee.preprod.me\/#website","url":"https:\/\/dimensioncachee.preprod.me\/","name":"Dimension","description":"Un site utilisant WordPress","potentialAction":[{"@type":"SearchAction","target":{"@type":"EntryPoint","urlTemplate":"https:\/\/dimensioncachee.preprod.me\/?s={search_term_string}"},"query-input":"required name=search_term_string"}],"inLanguage":"fr-FR"}]}},"_links":{"self":[{"href":"https:\/\/dimensioncachee.preprod.me\/fr\/wp-json\/wp\/v2\/product\/213","targetHints":{"allow":["GET"]}}],"collection":[{"href":"https:\/\/dimensioncachee.preprod.me\/fr\/wp-json\/wp\/v2\/product"}],"about":[{"href":"https:\/\/dimensioncachee.preprod.me\/fr\/wp-json\/wp\/v2\/types\/product"}],"wp:featuredmedia":[{"embeddable":true,"href":"https:\/\/dimensioncachee.preprod.me\/fr\/wp-json\/wp\/v2\/media\/215"}],"wp:attachment":[{"href":"https:\/\/dimensioncachee.preprod.me\/fr\/wp-json\/wp\/v2\/media?parent=213"}],"wp:term":[{"taxonomy":"product_cat","embeddable":true,"href":"https:\/\/dimensioncachee.preprod.me\/fr\/wp-json\/wp\/v2\/product_cat?post=213"},{"taxonomy":"product_tag","embeddable":true,"href":"https:\/\/dimensioncachee.preprod.me\/fr\/wp-json\/wp\/v2\/product_tag?post=213"}],"curies":[{"name":"wp","href":"https:\/\/api.w.org\/{rel}","templated":true}]}}