{"id":90,"date":"2022-08-22T08:55:51","date_gmt":"2022-08-22T06:55:51","guid":{"rendered":"https:\/\/dimensioncachee.preprod.me\/?page_id=90"},"modified":"2022-10-13T16:18:51","modified_gmt":"2022-10-13T14:18:51","slug":"archives","status":"publish","type":"page","link":"https:\/\/dimensioncachee.preprod.me\/fr\/archives\/","title":{"rendered":"Archives 2021"},"content":{"rendered":"\n<p>NICE TO MEET YOU<\/p>\n","protected":false},"excerpt":{"rendered":"<p>NICE TO MEET YOU<\/p>\n","protected":false},"author":1,"featured_media":0,"parent":0,"menu_order":0,"comment_status":"closed","ping_status":"closed","template":"template-archive.php","meta":{"footnotes":""},"class_list":["post-90","page","type-page","status-publish","hentry"],"acf":[],"yoast_head":"<!-- This site is optimized with the Yoast SEO plugin v20.0 - https:\/\/yoast.com\/wordpress\/plugins\/seo\/ -->\n<title>Archives 2021 - Dimension<\/title>\n<meta name=\"description\" content=\"d\u00e9couvrez la premi\u00e8re collection intemporelle de DIMENSION CACHEE. La collection Nice to meet you d\u00e9voile des pi\u00e8ces sophistiqu\u00e9es aux allures urbaines. 16 mod\u00e8les, 4 coloris phares.\" \/>\n<meta name=\"robots\" content=\"noindex, follow, max-snippet:-1, max-image-preview:large, max-video-preview:-1\" \/>\n<meta property=\"og:locale\" content=\"fr_FR\" \/>\n<meta property=\"og:type\" content=\"article\" \/>\n<meta property=\"og:title\" content=\"Archives 2021 - Dimension\" \/>\n<meta property=\"og:description\" content=\"d\u00e9couvrez la premi\u00e8re collection intemporelle de DIMENSION CACHEE. La collection Nice to meet you d\u00e9voile des pi\u00e8ces sophistiqu\u00e9es aux allures urbaines. 16 mod\u00e8les, 4 coloris phares.\" \/>\n<meta property=\"og:url\" content=\"https:\/\/dimensioncachee.preprod.me\/fr\/archives\/\" \/>\n<meta property=\"og:site_name\" content=\"Dimension\" \/>\n<meta property=\"article:modified_time\" content=\"2022-10-13T14:18:51+00:00\" \/>\n<meta name=\"twitter:card\" content=\"summary_large_image\" \/>\n<meta name=\"twitter:label1\" content=\"Dur\u00e9e de lecture estim\u00e9e\" \/>\n\t<meta name=\"twitter:data1\" content=\"1 minute\" \/>\n<script type=\"application\/ld+json\" class=\"yoast-schema-graph\">{\"@context\":\"https:\/\/schema.org\",\"@graph\":[{\"@type\":\"WebPage\",\"@id\":\"https:\/\/dimensioncachee.preprod.me\/archives\/\",\"url\":\"https:\/\/dimensioncachee.preprod.me\/archives\/\",\"name\":\"Archives 2021 - Dimension\",\"isPartOf\":{\"@id\":\"https:\/\/dimensioncachee.preprod.me\/#website\"},\"datePublished\":\"2022-08-22T06:55:51+00:00\",\"dateModified\":\"2022-10-13T14:18:51+00:00\",\"description\":\"d\u00e9couvrez la premi\u00e8re collection intemporelle de DIMENSION CACHEE. La collection Nice to meet you d\u00e9voile des pi\u00e8ces sophistiqu\u00e9es aux allures urbaines. 16 mod\u00e8les, 4 coloris phares.\",\"breadcrumb\":{\"@id\":\"https:\/\/dimensioncachee.preprod.me\/archives\/#breadcrumb\"},\"inLanguage\":\"fr-FR\",\"potentialAction\":[{\"@type\":\"ReadAction\",\"target\":[\"https:\/\/dimensioncachee.preprod.me\/archives\/\"]}]},{\"@type\":\"BreadcrumbList\",\"@id\":\"https:\/\/dimensioncachee.preprod.me\/archives\/#breadcrumb\",\"itemListElement\":[{\"@type\":\"ListItem\",\"position\":1,\"name\":\"Accueil\",\"item\":\"https:\/\/dimensioncachee.preprod.me\/\"},{\"@type\":\"ListItem\",\"position\":2,\"name\":\"Archives 2021\"}]},{\"@type\":\"WebSite\",\"@id\":\"https:\/\/dimensioncachee.preprod.me\/#website\",\"url\":\"https:\/\/dimensioncachee.preprod.me\/\",\"name\":\"Dimension\",\"description\":\"Un site utilisant WordPress\",\"potentialAction\":[{\"@type\":\"SearchAction\",\"target\":{\"@type\":\"EntryPoint\",\"urlTemplate\":\"https:\/\/dimensioncachee.preprod.me\/?s={search_term_string}\"},\"query-input\":\"required name=search_term_string\"}],\"inLanguage\":\"fr-FR\"}]}<\/script>\n<!-- \/ Yoast SEO plugin. -->","yoast_head_json":{"title":"Archives 2021 - Dimension","description":"d\u00e9couvrez la premi\u00e8re collection intemporelle de DIMENSION CACHEE. La collection Nice to meet you d\u00e9voile des pi\u00e8ces sophistiqu\u00e9es aux allures urbaines. 16 mod\u00e8les, 4 coloris phares.","robots":{"index":"noindex","follow":"follow","max-snippet":"max-snippet:-1","max-image-preview":"max-image-preview:large","max-video-preview":"max-video-preview:-1"},"og_locale":"fr_FR","og_type":"article","og_title":"Archives 2021 - Dimension","og_description":"d\u00e9couvrez la premi\u00e8re collection intemporelle de DIMENSION CACHEE. La collection Nice to meet you d\u00e9voile des pi\u00e8ces sophistiqu\u00e9es aux allures urbaines. 16 mod\u00e8les, 4 coloris phares.","og_url":"https:\/\/dimensioncachee.preprod.me\/fr\/archives\/","og_site_name":"Dimension","article_modified_time":"2022-10-13T14:18:51+00:00","twitter_card":"summary_large_image","twitter_misc":{"Dur\u00e9e de lecture estim\u00e9e":"1 minute"},"schema":{"@context":"https:\/\/schema.org","@graph":[{"@type":"WebPage","@id":"https:\/\/dimensioncachee.preprod.me\/archives\/","url":"https:\/\/dimensioncachee.preprod.me\/archives\/","name":"Archives 2021 - Dimension","isPartOf":{"@id":"https:\/\/dimensioncachee.preprod.me\/#website"},"datePublished":"2022-08-22T06:55:51+00:00","dateModified":"2022-10-13T14:18:51+00:00","description":"d\u00e9couvrez la premi\u00e8re collection intemporelle de DIMENSION CACHEE. La collection Nice to meet you d\u00e9voile des pi\u00e8ces sophistiqu\u00e9es aux allures urbaines. 16 mod\u00e8les, 4 coloris phares.","breadcrumb":{"@id":"https:\/\/dimensioncachee.preprod.me\/archives\/#breadcrumb"},"inLanguage":"fr-FR","potentialAction":[{"@type":"ReadAction","target":["https:\/\/dimensioncachee.preprod.me\/archives\/"]}]},{"@type":"BreadcrumbList","@id":"https:\/\/dimensioncachee.preprod.me\/archives\/#breadcrumb","itemListElement":[{"@type":"ListItem","position":1,"name":"Accueil","item":"https:\/\/dimensioncachee.preprod.me\/"},{"@type":"ListItem","position":2,"name":"Archives 2021"}]},{"@type":"WebSite","@id":"https:\/\/dimensioncachee.preprod.me\/#website","url":"https:\/\/dimensioncachee.preprod.me\/","name":"Dimension","description":"Un site utilisant WordPress","potentialAction":[{"@type":"SearchAction","target":{"@type":"EntryPoint","urlTemplate":"https:\/\/dimensioncachee.preprod.me\/?s={search_term_string}"},"query-input":"required name=search_term_string"}],"inLanguage":"fr-FR"}]}},"_links":{"self":[{"href":"https:\/\/dimensioncachee.preprod.me\/fr\/wp-json\/wp\/v2\/pages\/90","targetHints":{"allow":["GET"]}}],"collection":[{"href":"https:\/\/dimensioncachee.preprod.me\/fr\/wp-json\/wp\/v2\/pages"}],"about":[{"href":"https:\/\/dimensioncachee.preprod.me\/fr\/wp-json\/wp\/v2\/types\/page"}],"author":[{"embeddable":true,"href":"https:\/\/dimensioncachee.preprod.me\/fr\/wp-json\/wp\/v2\/users\/1"}],"replies":[{"embeddable":true,"href":"https:\/\/dimensioncachee.preprod.me\/fr\/wp-json\/wp\/v2\/comments?post=90"}],"version-history":[{"count":10,"href":"https:\/\/dimensioncachee.preprod.me\/fr\/wp-json\/wp\/v2\/pages\/90\/revisions"}],"predecessor-version":[{"id":629,"href":"https:\/\/dimensioncachee.preprod.me\/fr\/wp-json\/wp\/v2\/pages\/90\/revisions\/629"}],"wp:attachment":[{"href":"https:\/\/dimensioncachee.preprod.me\/fr\/wp-json\/wp\/v2\/media?parent=90"}],"curies":[{"name":"wp","href":"https:\/\/api.w.org\/{rel}","templated":true}]}}