{"id":570,"date":"2022-09-29T11:50:00","date_gmt":"2022-09-29T09:50:00","guid":{"rendered":"https:\/\/dimensioncachee.preprod.me\/?page_id=570"},"modified":"2022-09-29T11:52:39","modified_gmt":"2022-09-29T09:52:39","slug":"engagements","status":"publish","type":"page","link":"https:\/\/dimensioncachee.preprod.me\/fr\/engagements\/","title":{"rendered":"Engagements"},"content":{"rendered":"\n<p>DIMENSION CACHEE S\u2019ENGAGE POUR UNE MODE CONSCIENTE.<\/p>\n\n\n\n<p><br>1\/ UNE EXIGENCE DE HAUTE QUALITE :&nbsp;<\/p>\n\n\n\n<p>Des fabricants s\u00e9lectionn\u00e9s avec soin et exigence, pour leur haute qualit\u00e9, leur responsabilit\u00e9 environnementale et \u00e9thique.<\/p>\n\n\n\n<p>Des tissus Italiens, japonais, fran\u00e7ais et N\u00e9erlandais pour cette premi\u00e8re collection.<\/p>\n\n\n\n<p>Ni surproduction, ni destruction de marchandise chez DIMENSION CACHEE.<\/p>\n\n\n\n<p>Nous r\u00e9utilisons les v\u00eatements issus des shootings et essayages pour les pr\u00eats aux influenceurs qui soutiennent nos collections et la marque.<\/p>\n\n\n\n<p>Nos emballages sont recyclables ou r\u00e9utilisables (tod bag)&nbsp;<\/p>\n\n\n\n<p>Nous digitalisons au maximum, pour \u00e9viter d\u2019utiliser du papier.<\/p>\n\n\n\n<p>2 \/ UNE PRODUCTION RAISONN\u00c9E - SLOW FASHION \u2013 MADE IN France<\/p>\n\n\n\n<p>Pour vous qui \u00eates en qu\u00eate de sens&nbsp;!<\/p>\n\n\n\n<p>\u00ab&nbsp;Less is more&nbsp;\u00bb : des petites quantit\u00e9s par collection, des s\u00e9ries toujours limit\u00e9es.<\/p>\n\n\n\n<p>\u00ab&nbsp;Pre-order&nbsp;\u00bb : Des pi\u00e8ces intemporelles disponibles en pr\u00e9-commande avant la disponibilit\u00e9 des pi\u00e8ces, vous pouvez r\u00e9server en ligne votre futur v\u00eatement et attendre patiemment qu\u2019il soit confectionn\u00e9 dans nos atelier parisien, avec Amour.<\/p>\n\n\n\n<p>3 \/ UN PARTAGE EQUITABLE DE LA VALEUR CREE :<\/p>\n\n\n\n<p>Un engagement fondamental a \u00e9t\u00e9 pris lors de la cr\u00e9ation de notre soci\u00e9t\u00e9 : A terme 30 % des dividendes qui seront distribu\u00e9s aux actionnaires b\u00e9n\u00e9ficieront \u00e0 un fonds de dotation, organisme \u00e0 but non Lucratif ayant pour objectif de contribuer au d\u00e9veloppement du potentiel humain&nbsp;:&nbsp;<a href=\"https:\/\/www.jeannoelthorel-foundation.org\/\">https:\/\/www.jeannoelthorel-foundation.org\/<\/a><\/p>\n\n\n\n<p>Une marque toujours en progr\u00e8s<\/p>\n\n\n\n<p>Nous nous remettons sans cesse en question, pour allier hyper qualit\u00e9, prix juste, et engagements soci\u00e9taux.<\/p>\n","protected":false},"excerpt":{"rendered":"<p>DIMENSION CACHEE S\u2019ENGAGE POUR UNE MODE CONSCIENTE. 1\/ UNE EXIGENCE DE HAUTE QUALITE :&nbsp; Des fabricants s\u00e9lectionn\u00e9s avec soin et exigence, pour leur haute qualit\u00e9, leur responsabilit\u00e9 environnementale et \u00e9thique. Des tissus Italiens, japonais, fran\u00e7ais et N\u00e9erlandais pour cette premi\u00e8re collection. Ni surproduction, ni destruction de marchandise chez DIMENSION CACHEE. Nous r\u00e9utilisons les v\u00eatements issus [&hellip;]<\/p>\n","protected":false},"author":1,"featured_media":0,"parent":0,"menu_order":0,"comment_status":"closed","ping_status":"closed","template":"template-collection-concept.php","meta":{"footnotes":""},"class_list":["post-570","page","type-page","status-publish","hentry"],"acf":[],"yoast_head":"<!-- This site is optimized with the Yoast SEO plugin v20.0 - https:\/\/yoast.com\/wordpress\/plugins\/seo\/ -->\n<title>Engagements - Dimension<\/title>\n<meta name=\"robots\" content=\"noindex, follow, max-snippet:-1, max-image-preview:large, max-video-preview:-1\" \/>\n<meta property=\"og:locale\" content=\"fr_FR\" \/>\n<meta property=\"og:type\" content=\"article\" \/>\n<meta property=\"og:title\" content=\"Engagements - Dimension\" \/>\n<meta property=\"og:description\" content=\"DIMENSION CACHEE S\u2019ENGAGE POUR UNE MODE CONSCIENTE. 1\/ UNE EXIGENCE DE HAUTE QUALITE :&nbsp; Des fabricants s\u00e9lectionn\u00e9s avec soin et exigence, pour leur haute qualit\u00e9, leur responsabilit\u00e9 environnementale et \u00e9thique. Des tissus Italiens, japonais, fran\u00e7ais et N\u00e9erlandais pour cette premi\u00e8re collection. Ni surproduction, ni destruction de marchandise chez DIMENSION CACHEE. Nous r\u00e9utilisons les v\u00eatements issus [&hellip;]\" \/>\n<meta property=\"og:url\" content=\"https:\/\/dimensioncachee.preprod.me\/fr\/engagements\/\" \/>\n<meta property=\"og:site_name\" content=\"Dimension\" \/>\n<meta property=\"article:modified_time\" content=\"2022-09-29T09:52:39+00:00\" \/>\n<meta name=\"twitter:card\" content=\"summary_large_image\" \/>\n<meta name=\"twitter:label1\" content=\"Dur\u00e9e de lecture estim\u00e9e\" \/>\n\t<meta name=\"twitter:data1\" content=\"2 minutes\" \/>\n<script type=\"application\/ld+json\" class=\"yoast-schema-graph\">{\"@context\":\"https:\/\/schema.org\",\"@graph\":[{\"@type\":\"WebPage\",\"@id\":\"https:\/\/dimensioncachee.preprod.me\/engagements\/\",\"url\":\"https:\/\/dimensioncachee.preprod.me\/engagements\/\",\"name\":\"Engagements - Dimension\",\"isPartOf\":{\"@id\":\"https:\/\/dimensioncachee.preprod.me\/#website\"},\"datePublished\":\"2022-09-29T09:50:00+00:00\",\"dateModified\":\"2022-09-29T09:52:39+00:00\",\"breadcrumb\":{\"@id\":\"https:\/\/dimensioncachee.preprod.me\/engagements\/#breadcrumb\"},\"inLanguage\":\"fr-FR\",\"potentialAction\":[{\"@type\":\"ReadAction\",\"target\":[\"https:\/\/dimensioncachee.preprod.me\/engagements\/\"]}]},{\"@type\":\"BreadcrumbList\",\"@id\":\"https:\/\/dimensioncachee.preprod.me\/engagements\/#breadcrumb\",\"itemListElement\":[{\"@type\":\"ListItem\",\"position\":1,\"name\":\"Accueil\",\"item\":\"https:\/\/dimensioncachee.preprod.me\/\"},{\"@type\":\"ListItem\",\"position\":2,\"name\":\"Engagements\"}]},{\"@type\":\"WebSite\",\"@id\":\"https:\/\/dimensioncachee.preprod.me\/#website\",\"url\":\"https:\/\/dimensioncachee.preprod.me\/\",\"name\":\"Dimension\",\"description\":\"Un site utilisant WordPress\",\"potentialAction\":[{\"@type\":\"SearchAction\",\"target\":{\"@type\":\"EntryPoint\",\"urlTemplate\":\"https:\/\/dimensioncachee.preprod.me\/?s={search_term_string}\"},\"query-input\":\"required name=search_term_string\"}],\"inLanguage\":\"fr-FR\"}]}<\/script>\n<!-- \/ Yoast SEO plugin. -->","yoast_head_json":{"title":"Engagements - Dimension","robots":{"index":"noindex","follow":"follow","max-snippet":"max-snippet:-1","max-image-preview":"max-image-preview:large","max-video-preview":"max-video-preview:-1"},"og_locale":"fr_FR","og_type":"article","og_title":"Engagements - Dimension","og_description":"DIMENSION CACHEE S\u2019ENGAGE POUR UNE MODE CONSCIENTE. 1\/ UNE EXIGENCE DE HAUTE QUALITE :&nbsp; Des fabricants s\u00e9lectionn\u00e9s avec soin et exigence, pour leur haute qualit\u00e9, leur responsabilit\u00e9 environnementale et \u00e9thique. Des tissus Italiens, japonais, fran\u00e7ais et N\u00e9erlandais pour cette premi\u00e8re collection. Ni surproduction, ni destruction de marchandise chez DIMENSION CACHEE. Nous r\u00e9utilisons les v\u00eatements issus [&hellip;]","og_url":"https:\/\/dimensioncachee.preprod.me\/fr\/engagements\/","og_site_name":"Dimension","article_modified_time":"2022-09-29T09:52:39+00:00","twitter_card":"summary_large_image","twitter_misc":{"Dur\u00e9e de lecture estim\u00e9e":"2 minutes"},"schema":{"@context":"https:\/\/schema.org","@graph":[{"@type":"WebPage","@id":"https:\/\/dimensioncachee.preprod.me\/engagements\/","url":"https:\/\/dimensioncachee.preprod.me\/engagements\/","name":"Engagements - Dimension","isPartOf":{"@id":"https:\/\/dimensioncachee.preprod.me\/#website"},"datePublished":"2022-09-29T09:50:00+00:00","dateModified":"2022-09-29T09:52:39+00:00","breadcrumb":{"@id":"https:\/\/dimensioncachee.preprod.me\/engagements\/#breadcrumb"},"inLanguage":"fr-FR","potentialAction":[{"@type":"ReadAction","target":["https:\/\/dimensioncachee.preprod.me\/engagements\/"]}]},{"@type":"BreadcrumbList","@id":"https:\/\/dimensioncachee.preprod.me\/engagements\/#breadcrumb","itemListElement":[{"@type":"ListItem","position":1,"name":"Accueil","item":"https:\/\/dimensioncachee.preprod.me\/"},{"@type":"ListItem","position":2,"name":"Engagements"}]},{"@type":"WebSite","@id":"https:\/\/dimensioncachee.preprod.me\/#website","url":"https:\/\/dimensioncachee.preprod.me\/","name":"Dimension","description":"Un site utilisant WordPress","potentialAction":[{"@type":"SearchAction","target":{"@type":"EntryPoint","urlTemplate":"https:\/\/dimensioncachee.preprod.me\/?s={search_term_string}"},"query-input":"required name=search_term_string"}],"inLanguage":"fr-FR"}]}},"_links":{"self":[{"href":"https:\/\/dimensioncachee.preprod.me\/fr\/wp-json\/wp\/v2\/pages\/570","targetHints":{"allow":["GET"]}}],"collection":[{"href":"https:\/\/dimensioncachee.preprod.me\/fr\/wp-json\/wp\/v2\/pages"}],"about":[{"href":"https:\/\/dimensioncachee.preprod.me\/fr\/wp-json\/wp\/v2\/types\/page"}],"author":[{"embeddable":true,"href":"https:\/\/dimensioncachee.preprod.me\/fr\/wp-json\/wp\/v2\/users\/1"}],"replies":[{"embeddable":true,"href":"https:\/\/dimensioncachee.preprod.me\/fr\/wp-json\/wp\/v2\/comments?post=570"}],"version-history":[{"count":3,"href":"https:\/\/dimensioncachee.preprod.me\/fr\/wp-json\/wp\/v2\/pages\/570\/revisions"}],"predecessor-version":[{"id":574,"href":"https:\/\/dimensioncachee.preprod.me\/fr\/wp-json\/wp\/v2\/pages\/570\/revisions\/574"}],"wp:attachment":[{"href":"https:\/\/dimensioncachee.preprod.me\/fr\/wp-json\/wp\/v2\/media?parent=570"}],"curies":[{"name":"wp","href":"https:\/\/api.w.org\/{rel}","templated":true}]}}