{"id":19,"date":"2022-08-18T07:31:11","date_gmt":"2022-08-18T05:31:11","guid":{"rendered":"https:\/\/dimensioncachee.preprod.me\/?page_id=19"},"modified":"2022-10-20T09:37:58","modified_gmt":"2022-10-20T07:37:58","slug":"accueil","status":"publish","type":"page","link":"https:\/\/dimensioncachee.preprod.me\/fr\/","title":{"rendered":"Accueil"},"content":{"rendered":"\n<p>DIMENSION CACHEE<\/p>\n\n\n\n<p><strong>Apporter \u00e0 chacun un terrain d\u2019expr\u00e9ssion diff\u00e9rent lui permettant sans contrainte,&nbsp;<\/strong><\/p>\n\n\n\n<p><strong>d\u2019exprimer sa dimension cachee&nbsp;<\/strong><\/p>\n\n\n\n<p><strong>avec comme seule vocation la libert\u00e9 d\u2019\u00eatre, pleine et enti\u00e8re.&nbsp;<\/strong><\/p>\n\n\n\n<p><strong>D\u00e9passer les fronti\u00e8res de la mode<\/strong>,<\/p>\n\n\n\n<p><strong>pour permettre \u00e0 chacun de vivre pleinement ses contradictions et sa dualit\u00e9.&nbsp;<\/strong><\/p>\n","protected":false},"excerpt":{"rendered":"<p>DIMENSION CACHEE Apporter \u00e0 chacun un terrain d\u2019expr\u00e9ssion diff\u00e9rent lui permettant sans contrainte,&nbsp; d\u2019exprimer sa dimension cachee&nbsp; avec comme seule vocation la libert\u00e9 d\u2019\u00eatre, pleine et enti\u00e8re.&nbsp; D\u00e9passer les fronti\u00e8res de la mode, pour permettre \u00e0 chacun de vivre pleinement ses contradictions et sa dualit\u00e9.&nbsp;<\/p>\n","protected":false},"author":1,"featured_media":0,"parent":0,"menu_order":0,"comment_status":"closed","ping_status":"closed","template":"","meta":{"footnotes":""},"class_list":["post-19","page","type-page","status-publish","hentry"],"acf":[],"yoast_head":"<!-- This site is optimized with the Yoast SEO plugin v20.0 - https:\/\/yoast.com\/wordpress\/plugins\/seo\/ -->\n<title>Accueil - Dimension Cachee<\/title>\n<meta name=\"description\" content=\"D\u00e9couvrez la boutique en ligne officielle DIMENSION CACHEE et achetez d\u00e8s maintenant nos v\u00eatements, accessoires et d\u00e9couvrez notre univers.\" \/>\n<meta name=\"robots\" content=\"noindex, follow, max-snippet:-1, max-image-preview:large, max-video-preview:-1\" \/>\n<meta property=\"og:locale\" content=\"fr_FR\" \/>\n<meta property=\"og:type\" content=\"article\" \/>\n<meta property=\"og:title\" content=\"Accueil - Dimension Cachee\" \/>\n<meta property=\"og:description\" content=\"D\u00e9couvrez la boutique en ligne officielle DIMENSION CACHEE et achetez d\u00e8s maintenant nos v\u00eatements, accessoires et d\u00e9couvrez notre univers.\" \/>\n<meta property=\"og:url\" content=\"https:\/\/dimensioncachee.preprod.me\/fr\/\" \/>\n<meta property=\"og:site_name\" content=\"Dimension\" \/>\n<meta property=\"article:modified_time\" content=\"2022-10-20T07:37:58+00:00\" \/>\n<meta name=\"twitter:card\" content=\"summary_large_image\" \/>\n<meta name=\"twitter:label1\" content=\"Dur\u00e9e de lecture estim\u00e9e\" \/>\n\t<meta name=\"twitter:data1\" content=\"1 minute\" \/>\n<script type=\"application\/ld+json\" class=\"yoast-schema-graph\">{\"@context\":\"https:\/\/schema.org\",\"@graph\":[{\"@type\":\"WebPage\",\"@id\":\"https:\/\/dimensioncachee.preprod.me\/\",\"url\":\"https:\/\/dimensioncachee.preprod.me\/\",\"name\":\"Accueil - Dimension Cachee\",\"isPartOf\":{\"@id\":\"https:\/\/dimensioncachee.preprod.me\/#website\"},\"datePublished\":\"2022-08-18T05:31:11+00:00\",\"dateModified\":\"2022-10-20T07:37:58+00:00\",\"description\":\"D\u00e9couvrez la boutique en ligne officielle DIMENSION CACHEE et achetez d\u00e8s maintenant nos v\u00eatements, accessoires et d\u00e9couvrez notre univers.\",\"breadcrumb\":{\"@id\":\"https:\/\/dimensioncachee.preprod.me\/#breadcrumb\"},\"inLanguage\":\"fr-FR\",\"potentialAction\":[{\"@type\":\"ReadAction\",\"target\":[\"https:\/\/dimensioncachee.preprod.me\/\"]}]},{\"@type\":\"BreadcrumbList\",\"@id\":\"https:\/\/dimensioncachee.preprod.me\/#breadcrumb\",\"itemListElement\":[{\"@type\":\"ListItem\",\"position\":1,\"name\":\"Accueil\",\"item\":\"https:\/\/dimensioncachee.preprod.me\/\"},{\"@type\":\"ListItem\",\"position\":2,\"name\":\"Accueil\"}]},{\"@type\":\"WebSite\",\"@id\":\"https:\/\/dimensioncachee.preprod.me\/#website\",\"url\":\"https:\/\/dimensioncachee.preprod.me\/\",\"name\":\"Dimension\",\"description\":\"Un site utilisant WordPress\",\"potentialAction\":[{\"@type\":\"SearchAction\",\"target\":{\"@type\":\"EntryPoint\",\"urlTemplate\":\"https:\/\/dimensioncachee.preprod.me\/?s={search_term_string}\"},\"query-input\":\"required name=search_term_string\"}],\"inLanguage\":\"fr-FR\"}]}<\/script>\n<!-- \/ Yoast SEO plugin. -->","yoast_head_json":{"title":"Accueil - Dimension Cachee","description":"D\u00e9couvrez la boutique en ligne officielle DIMENSION CACHEE et achetez d\u00e8s maintenant nos v\u00eatements, accessoires et d\u00e9couvrez notre univers.","robots":{"index":"noindex","follow":"follow","max-snippet":"max-snippet:-1","max-image-preview":"max-image-preview:large","max-video-preview":"max-video-preview:-1"},"og_locale":"fr_FR","og_type":"article","og_title":"Accueil - Dimension Cachee","og_description":"D\u00e9couvrez la boutique en ligne officielle DIMENSION CACHEE et achetez d\u00e8s maintenant nos v\u00eatements, accessoires et d\u00e9couvrez notre univers.","og_url":"https:\/\/dimensioncachee.preprod.me\/fr\/","og_site_name":"Dimension","article_modified_time":"2022-10-20T07:37:58+00:00","twitter_card":"summary_large_image","twitter_misc":{"Dur\u00e9e de lecture estim\u00e9e":"1 minute"},"schema":{"@context":"https:\/\/schema.org","@graph":[{"@type":"WebPage","@id":"https:\/\/dimensioncachee.preprod.me\/","url":"https:\/\/dimensioncachee.preprod.me\/","name":"Accueil - Dimension Cachee","isPartOf":{"@id":"https:\/\/dimensioncachee.preprod.me\/#website"},"datePublished":"2022-08-18T05:31:11+00:00","dateModified":"2022-10-20T07:37:58+00:00","description":"D\u00e9couvrez la boutique en ligne officielle DIMENSION CACHEE et achetez d\u00e8s maintenant nos v\u00eatements, accessoires et d\u00e9couvrez notre univers.","breadcrumb":{"@id":"https:\/\/dimensioncachee.preprod.me\/#breadcrumb"},"inLanguage":"fr-FR","potentialAction":[{"@type":"ReadAction","target":["https:\/\/dimensioncachee.preprod.me\/"]}]},{"@type":"BreadcrumbList","@id":"https:\/\/dimensioncachee.preprod.me\/#breadcrumb","itemListElement":[{"@type":"ListItem","position":1,"name":"Accueil","item":"https:\/\/dimensioncachee.preprod.me\/"},{"@type":"ListItem","position":2,"name":"Accueil"}]},{"@type":"WebSite","@id":"https:\/\/dimensioncachee.preprod.me\/#website","url":"https:\/\/dimensioncachee.preprod.me\/","name":"Dimension","description":"Un site utilisant WordPress","potentialAction":[{"@type":"SearchAction","target":{"@type":"EntryPoint","urlTemplate":"https:\/\/dimensioncachee.preprod.me\/?s={search_term_string}"},"query-input":"required name=search_term_string"}],"inLanguage":"fr-FR"}]}},"_links":{"self":[{"href":"https:\/\/dimensioncachee.preprod.me\/fr\/wp-json\/wp\/v2\/pages\/19","targetHints":{"allow":["GET"]}}],"collection":[{"href":"https:\/\/dimensioncachee.preprod.me\/fr\/wp-json\/wp\/v2\/pages"}],"about":[{"href":"https:\/\/dimensioncachee.preprod.me\/fr\/wp-json\/wp\/v2\/types\/page"}],"author":[{"embeddable":true,"href":"https:\/\/dimensioncachee.preprod.me\/fr\/wp-json\/wp\/v2\/users\/1"}],"replies":[{"embeddable":true,"href":"https:\/\/dimensioncachee.preprod.me\/fr\/wp-json\/wp\/v2\/comments?post=19"}],"version-history":[{"count":14,"href":"https:\/\/dimensioncachee.preprod.me\/fr\/wp-json\/wp\/v2\/pages\/19\/revisions"}],"predecessor-version":[{"id":658,"href":"https:\/\/dimensioncachee.preprod.me\/fr\/wp-json\/wp\/v2\/pages\/19\/revisions\/658"}],"wp:attachment":[{"href":"https:\/\/dimensioncachee.preprod.me\/fr\/wp-json\/wp\/v2\/media?parent=19"}],"curies":[{"name":"wp","href":"https:\/\/api.w.org\/{rel}","templated":true}]}}