{"id":236,"date":"2022-09-21T16:59:36","date_gmt":"2022-09-21T14:59:36","guid":{"rendered":"https:\/\/dimensioncachee.preprod.me\/?post_type=product&#038;p=236"},"modified":"2023-02-13T18:17:48","modified_gmt":"2023-02-13T17:17:48","slug":"jupe-cycliste-de-smoking","status":"publish","type":"product","link":"https:\/\/dimensioncachee.preprod.me\/en\/product\/jupe-cycliste-de-smoking\/","title":{"rendered":"jupe cycliste de smoking"},"content":{"rendered":"","protected":false},"excerpt":{"rendered":"<p><span data-sheets-value=\"{&quot;1&quot;:2,&quot;2&quot;:&quot;Jupe cycliste de smoking noire en drap de laine et stretch.\\nSa ceinture en stretch s\u2019adapte \u00e0 tous les mouvements du corps.\\nS\u2019enfile comme un cycliste.\\nLa libert\u00e9 de se mouvoir en toute circonstance.\\nL\u2019ouverture pression laisse appara\u00eetre un cycliste en tissu iris\u00e9 glac\u00e9.\\nCette pi\u00e8ce de la collection incarne parfaitement le concept de dimension cach\u00e9e: sophistiqu\u00e9e et ultra confort\\nLa double dimension : plus stricte en version ferm\u00e9e, plus extravagante en version ouverte. &quot;}\" data-sheets-userformat=\"{&quot;2&quot;:961,&quot;3&quot;:{&quot;1&quot;:0},&quot;9&quot;:0,&quot;10&quot;:0,&quot;11&quot;:4,&quot;12&quot;:0}\">Black smoking cycling skirt in wool and stretch.<br \/>\nIts stretch belt adapts to all body movements.<br \/>\nSlips on like a cycling short.<br \/>\nThe freedom to move in all circumstances.<br \/>\nThe snap opening reveals a cyclist in iridescent glazed fabric.<br \/>\nThis piece of the collection perfectly embodies the concept of DIMENSION CACHEE: sophisticated and ultra comfortable.<br \/>\nThe double dimension: stricter in closed version, more extravagant in open version. <\/span><\/p>","protected":false},"featured_media":238,"template":"","meta":[],"product_cat":[18,30],"product_tag":[],"class_list":["post-236","product","type-product","status-publish","has-post-thumbnail","hentry","product_cat-vetements-pour-femme","product_cat-robes-jupes"],"acf":[],"yoast_head":"<!-- This site is optimized with the Yoast SEO plugin v20.0 - https:\/\/yoast.com\/wordpress\/plugins\/seo\/ -->\n<title>jupe cycliste de smoking - Dimension<\/title>\n<meta name=\"robots\" content=\"noindex, follow, max-snippet:-1, max-image-preview:large, max-video-preview:-1\" \/>\n<meta property=\"og:locale\" content=\"en_US\" \/>\n<meta property=\"og:type\" content=\"article\" \/>\n<meta property=\"og:title\" content=\"jupe cycliste de smoking - Dimension\" \/>\n<meta property=\"og:description\" content=\"Jupe cycliste de smoking noire en drap de laine et stretch. Sa ceinture en stretch s\u2019adapte \u00e0 tous les mouvements du corps. S\u2019enfile comme un cycliste. La libert\u00e9 de se mouvoir en toute circonstance. L\u2019ouverture pression laisse appara\u00eetre un cycliste en tissu iris\u00e9 glac\u00e9. Cette pi\u00e8ce de la collection incarne parfaitement le concept de dimension cach\u00e9e: sophistiqu\u00e9e et ultra confort La double dimension : plus stricte en version ferm\u00e9e, plus extravagante en version ouverte.\" \/>\n<meta property=\"og:url\" content=\"https:\/\/dimensioncachee.preprod.me\/en\/product\/jupe-cycliste-de-smoking\/\" \/>\n<meta property=\"og:site_name\" content=\"Dimension\" \/>\n<meta property=\"article:modified_time\" content=\"2023-02-13T17:17:48+00:00\" \/>\n<meta property=\"og:image\" content=\"https:\/\/dimensioncachee.preprod.me\/wp-content\/uploads\/2022\/09\/R_DSC6247-copie.jpg\" \/>\n\t<meta property=\"og:image:width\" content=\"1334\" \/>\n\t<meta property=\"og:image:height\" content=\"2000\" \/>\n\t<meta property=\"og:image:type\" content=\"image\/jpeg\" \/>\n<meta name=\"twitter:card\" content=\"summary_large_image\" \/>\n<script type=\"application\/ld+json\" class=\"yoast-schema-graph\">{\"@context\":\"https:\/\/schema.org\",\"@graph\":[{\"@type\":\"WebPage\",\"@id\":\"https:\/\/dimensioncachee.preprod.me\/produit\/jupe-cycliste-de-smoking\/\",\"url\":\"https:\/\/dimensioncachee.preprod.me\/produit\/jupe-cycliste-de-smoking\/\",\"name\":\"jupe cycliste de smoking - Dimension\",\"isPartOf\":{\"@id\":\"https:\/\/dimensioncachee.preprod.me\/#website\"},\"datePublished\":\"2022-09-21T14:59:36+00:00\",\"dateModified\":\"2023-02-13T17:17:48+00:00\",\"breadcrumb\":{\"@id\":\"https:\/\/dimensioncachee.preprod.me\/produit\/jupe-cycliste-de-smoking\/#breadcrumb\"},\"inLanguage\":\"en-US\",\"potentialAction\":[{\"@type\":\"ReadAction\",\"target\":[\"https:\/\/dimensioncachee.preprod.me\/produit\/jupe-cycliste-de-smoking\/\"]}]},{\"@type\":\"BreadcrumbList\",\"@id\":\"https:\/\/dimensioncachee.preprod.me\/produit\/jupe-cycliste-de-smoking\/#breadcrumb\",\"itemListElement\":[{\"@type\":\"ListItem\",\"position\":1,\"name\":\"Accueil\",\"item\":\"https:\/\/dimensioncachee.preprod.me\/\"},{\"@type\":\"ListItem\",\"position\":2,\"name\":\"Les produits\",\"item\":\"https:\/\/dimensioncachee.preprod.me\/les-produits\/\"},{\"@type\":\"ListItem\",\"position\":3,\"name\":\"jupe cycliste de smoking\"}]},{\"@type\":\"WebSite\",\"@id\":\"https:\/\/dimensioncachee.preprod.me\/#website\",\"url\":\"https:\/\/dimensioncachee.preprod.me\/\",\"name\":\"Dimension\",\"description\":\"Un site utilisant WordPress\",\"potentialAction\":[{\"@type\":\"SearchAction\",\"target\":{\"@type\":\"EntryPoint\",\"urlTemplate\":\"https:\/\/dimensioncachee.preprod.me\/?s={search_term_string}\"},\"query-input\":\"required name=search_term_string\"}],\"inLanguage\":\"en-US\"}]}<\/script>\n<!-- \/ Yoast SEO plugin. -->","yoast_head_json":{"title":"jupe cycliste de smoking - Dimension","robots":{"index":"noindex","follow":"follow","max-snippet":"max-snippet:-1","max-image-preview":"max-image-preview:large","max-video-preview":"max-video-preview:-1"},"og_locale":"en_US","og_type":"article","og_title":"jupe cycliste de smoking - Dimension","og_description":"Jupe cycliste de smoking noire en drap de laine et stretch. Sa ceinture en stretch s\u2019adapte \u00e0 tous les mouvements du corps. S\u2019enfile comme un cycliste. La libert\u00e9 de se mouvoir en toute circonstance. L\u2019ouverture pression laisse appara\u00eetre un cycliste en tissu iris\u00e9 glac\u00e9. Cette pi\u00e8ce de la collection incarne parfaitement le concept de dimension cach\u00e9e: sophistiqu\u00e9e et ultra confort La double dimension : plus stricte en version ferm\u00e9e, plus extravagante en version ouverte.","og_url":"https:\/\/dimensioncachee.preprod.me\/en\/product\/jupe-cycliste-de-smoking\/","og_site_name":"Dimension","article_modified_time":"2023-02-13T17:17:48+00:00","og_image":[{"width":1334,"height":2000,"url":"https:\/\/dimensioncachee.preprod.me\/wp-content\/uploads\/2022\/09\/R_DSC6247-copie.jpg","type":"image\/jpeg"}],"twitter_card":"summary_large_image","schema":{"@context":"https:\/\/schema.org","@graph":[{"@type":"WebPage","@id":"https:\/\/dimensioncachee.preprod.me\/produit\/jupe-cycliste-de-smoking\/","url":"https:\/\/dimensioncachee.preprod.me\/produit\/jupe-cycliste-de-smoking\/","name":"jupe cycliste de smoking - Dimension","isPartOf":{"@id":"https:\/\/dimensioncachee.preprod.me\/#website"},"datePublished":"2022-09-21T14:59:36+00:00","dateModified":"2023-02-13T17:17:48+00:00","breadcrumb":{"@id":"https:\/\/dimensioncachee.preprod.me\/produit\/jupe-cycliste-de-smoking\/#breadcrumb"},"inLanguage":"en-US","potentialAction":[{"@type":"ReadAction","target":["https:\/\/dimensioncachee.preprod.me\/produit\/jupe-cycliste-de-smoking\/"]}]},{"@type":"BreadcrumbList","@id":"https:\/\/dimensioncachee.preprod.me\/produit\/jupe-cycliste-de-smoking\/#breadcrumb","itemListElement":[{"@type":"ListItem","position":1,"name":"Accueil","item":"https:\/\/dimensioncachee.preprod.me\/"},{"@type":"ListItem","position":2,"name":"Les produits","item":"https:\/\/dimensioncachee.preprod.me\/les-produits\/"},{"@type":"ListItem","position":3,"name":"jupe cycliste de smoking"}]},{"@type":"WebSite","@id":"https:\/\/dimensioncachee.preprod.me\/#website","url":"https:\/\/dimensioncachee.preprod.me\/","name":"Dimension","description":"Un site utilisant WordPress","potentialAction":[{"@type":"SearchAction","target":{"@type":"EntryPoint","urlTemplate":"https:\/\/dimensioncachee.preprod.me\/?s={search_term_string}"},"query-input":"required name=search_term_string"}],"inLanguage":"en-US"}]}},"_links":{"self":[{"href":"https:\/\/dimensioncachee.preprod.me\/en\/wp-json\/wp\/v2\/product\/236","targetHints":{"allow":["GET"]}}],"collection":[{"href":"https:\/\/dimensioncachee.preprod.me\/en\/wp-json\/wp\/v2\/product"}],"about":[{"href":"https:\/\/dimensioncachee.preprod.me\/en\/wp-json\/wp\/v2\/types\/product"}],"wp:featuredmedia":[{"embeddable":true,"href":"https:\/\/dimensioncachee.preprod.me\/en\/wp-json\/wp\/v2\/media\/238"}],"wp:attachment":[{"href":"https:\/\/dimensioncachee.preprod.me\/en\/wp-json\/wp\/v2\/media?parent=236"}],"wp:term":[{"taxonomy":"product_cat","embeddable":true,"href":"https:\/\/dimensioncachee.preprod.me\/en\/wp-json\/wp\/v2\/product_cat?post=236"},{"taxonomy":"product_tag","embeddable":true,"href":"https:\/\/dimensioncachee.preprod.me\/en\/wp-json\/wp\/v2\/product_tag?post=236"}],"curies":[{"name":"wp","href":"https:\/\/api.w.org\/{rel}","templated":true}]}}